{"id":74,"date":"2023-02-23T05:32:54","date_gmt":"2023-02-23T05:32:54","guid":{"rendered":"https:\/\/revistalamoraleja.es\/?page_id=74"},"modified":"2023-09-17T10:31:49","modified_gmt":"2023-09-17T10:31:49","slug":"origenes-del-quijote","status":"publish","type":"page","link":"https:\/\/revistalamoraleja.es\/index.php\/origenes-del-quijote\/","title":{"rendered":"Or\u00edgenes Del Quijote"},"content":{"rendered":"\n<p>Por Jos\u00e9 Antonio Bell\u00f3n<\/p>\n\n\n\n<figure class=\"wp-block-image size-full is-resized\"><img fetchpriority=\"high\" decoding=\"async\" src=\"https:\/\/revistalamoraleja.es\/wp-content\/uploads\/2023\/09\/Jose-Antonio-Bellon-copia.png\" alt=\"\" class=\"wp-image-305\" style=\"width:212px;height:253px\" width=\"212\" height=\"253\" srcset=\"https:\/\/revistalamoraleja.es\/wp-content\/uploads\/2023\/09\/Jose-Antonio-Bellon-copia.png 392w, https:\/\/revistalamoraleja.es\/wp-content\/uploads\/2023\/09\/Jose-Antonio-Bellon-copia-252x300.png 252w\" sizes=\"(max-width: 212px) 100vw, 212px\" \/><\/figure>\n\n\n\n<p>DESCRIPCI\u00d3N<\/p>\n\n\n<ul class=\"wp-block-latest-posts__list is-grid columns-3 wp-block-latest-posts\"><\/ul>","protected":false},"excerpt":{"rendered":"<p>Por Jos\u00e9 Antonio Bell\u00f3n DESCRIPCI\u00d3N<\/p>\n","protected":false},"author":1,"featured_media":0,"parent":0,"menu_order":0,"comment_status":"open","ping_status":"closed","template":"","meta":{"colormag_page_container_layout":"default_layout","colormag_page_sidebar_layout":"default_layout","footnotes":""},"class_list":["post-74","page","type-page","status-publish","hentry"],"_links":{"self":[{"href":"https:\/\/revistalamoraleja.es\/index.php\/wp-json\/wp\/v2\/pages\/74","targetHints":{"allow":["GET"]}}],"collection":[{"href":"https:\/\/revistalamoraleja.es\/index.php\/wp-json\/wp\/v2\/pages"}],"about":[{"href":"https:\/\/revistalamoraleja.es\/index.php\/wp-json\/wp\/v2\/types\/page"}],"author":[{"embeddable":true,"href":"https:\/\/revistalamoraleja.es\/index.php\/wp-json\/wp\/v2\/users\/1"}],"replies":[{"embeddable":true,"href":"https:\/\/revistalamoraleja.es\/index.php\/wp-json\/wp\/v2\/comments?post=74"}],"version-history":[{"count":2,"href":"https:\/\/revistalamoraleja.es\/index.php\/wp-json\/wp\/v2\/pages\/74\/revisions"}],"predecessor-version":[{"id":392,"href":"https:\/\/revistalamoraleja.es\/index.php\/wp-json\/wp\/v2\/pages\/74\/revisions\/392"}],"wp:attachment":[{"href":"https:\/\/revistalamoraleja.es\/index.php\/wp-json\/wp\/v2\/media?parent=74"}],"curies":[{"name":"wp","href":"https:\/\/api.w.org\/{rel}","templated":true}]}}