{"id":56,"date":"2023-02-23T05:27:45","date_gmt":"2023-02-23T05:27:45","guid":{"rendered":"https:\/\/revistalamoraleja.es\/?page_id=56"},"modified":"2023-09-20T17:47:20","modified_gmt":"2023-09-20T17:47:20","slug":"libre-directo","status":"publish","type":"page","link":"https:\/\/revistalamoraleja.es\/index.php\/libre-directo\/","title":{"rendered":"Libre Directo"},"content":{"rendered":"\n<p>Por Jes\u00fas S\u00e1nchez Tudela<\/p>\n\n\n\n<figure class=\"wp-block-image size-full is-resized\"><img decoding=\"async\" src=\"https:\/\/revistalamoraleja.es\/wp-content\/uploads\/2023\/09\/Jesus-S.-Tudela-copia.png\" alt=\"\" class=\"wp-image-304\" style=\"width:188px;height:260px\" width=\"188\" height=\"260\" srcset=\"https:\/\/revistalamoraleja.es\/wp-content\/uploads\/2023\/09\/Jesus-S.-Tudela-copia.png 423w, https:\/\/revistalamoraleja.es\/wp-content\/uploads\/2023\/09\/Jesus-S.-Tudela-copia-217x300.png 217w\" sizes=\"(max-width: 188px) 100vw, 188px\" \/><\/figure>\n\n\n\n<p>DESCRIPCI\u00d3N<\/p>\n\n\n<ul class=\"wp-block-latest-posts__list is-grid columns-3 wp-block-latest-posts\"><\/ul>","protected":false},"excerpt":{"rendered":"<p>Por Jes\u00fas S\u00e1nchez Tudela DESCRIPCI\u00d3N<\/p>\n","protected":false},"author":1,"featured_media":0,"parent":0,"menu_order":0,"comment_status":"open","ping_status":"closed","template":"","meta":{"colormag_page_container_layout":"default_layout","colormag_page_sidebar_layout":"default_layout","footnotes":""},"class_list":["post-56","page","type-page","status-publish","hentry"],"_links":{"self":[{"href":"https:\/\/revistalamoraleja.es\/index.php\/wp-json\/wp\/v2\/pages\/56","targetHints":{"allow":["GET"]}}],"collection":[{"href":"https:\/\/revistalamoraleja.es\/index.php\/wp-json\/wp\/v2\/pages"}],"about":[{"href":"https:\/\/revistalamoraleja.es\/index.php\/wp-json\/wp\/v2\/types\/page"}],"author":[{"embeddable":true,"href":"https:\/\/revistalamoraleja.es\/index.php\/wp-json\/wp\/v2\/users\/1"}],"replies":[{"embeddable":true,"href":"https:\/\/revistalamoraleja.es\/index.php\/wp-json\/wp\/v2\/comments?post=56"}],"version-history":[{"count":3,"href":"https:\/\/revistalamoraleja.es\/index.php\/wp-json\/wp\/v2\/pages\/56\/revisions"}],"predecessor-version":[{"id":520,"href":"https:\/\/revistalamoraleja.es\/index.php\/wp-json\/wp\/v2\/pages\/56\/revisions\/520"}],"wp:attachment":[{"href":"https:\/\/revistalamoraleja.es\/index.php\/wp-json\/wp\/v2\/media?parent=56"}],"curies":[{"name":"wp","href":"https:\/\/api.w.org\/{rel}","templated":true}]}}