{"id":52,"date":"2023-02-23T05:25:56","date_gmt":"2023-02-23T05:25:56","guid":{"rendered":"https:\/\/revistalamoraleja.es\/?page_id=52"},"modified":"2023-09-20T17:44:28","modified_gmt":"2023-09-20T17:44:28","slug":"pensamientos-inconexos","status":"publish","type":"page","link":"https:\/\/revistalamoraleja.es\/index.php\/pensamientos-inconexos\/","title":{"rendered":"Pensamientos Inconexos"},"content":{"rendered":"\n<p>Por Jos\u00e9 Antonio Fern\u00e1ndez Palacios<\/p>\n\n\n\n<figure class=\"wp-block-image size-large is-resized\"><img fetchpriority=\"high\" decoding=\"async\" src=\"https:\/\/revistalamoraleja.es\/wp-content\/uploads\/2023\/09\/Jose-Antonio-Fernandez-Palacios-839x1024.jpg\" alt=\"\" class=\"wp-image-517\" style=\"width:252px;height:308px\" width=\"252\" height=\"308\" srcset=\"https:\/\/revistalamoraleja.es\/wp-content\/uploads\/2023\/09\/Jose-Antonio-Fernandez-Palacios-839x1024.jpg 839w, https:\/\/revistalamoraleja.es\/wp-content\/uploads\/2023\/09\/Jose-Antonio-Fernandez-Palacios-246x300.jpg 246w, https:\/\/revistalamoraleja.es\/wp-content\/uploads\/2023\/09\/Jose-Antonio-Fernandez-Palacios-768x937.jpg 768w, https:\/\/revistalamoraleja.es\/wp-content\/uploads\/2023\/09\/Jose-Antonio-Fernandez-Palacios-1258x1536.jpg 1258w, https:\/\/revistalamoraleja.es\/wp-content\/uploads\/2023\/09\/Jose-Antonio-Fernandez-Palacios-1678x2048.jpg 1678w\" sizes=\"(max-width: 252px) 100vw, 252px\" \/><\/figure>\n\n\n\n<p>DESCRIPCI\u00d3N<\/p>\n\n\n<ul class=\"wp-block-latest-posts__list is-grid columns-3 wp-block-latest-posts\"><\/ul>","protected":false},"excerpt":{"rendered":"<p>Por Jos\u00e9 Antonio Fern\u00e1ndez Palacios DESCRIPCI\u00d3N<\/p>\n","protected":false},"author":1,"featured_media":0,"parent":0,"menu_order":0,"comment_status":"open","ping_status":"closed","template":"","meta":{"colormag_page_container_layout":"default_layout","colormag_page_sidebar_layout":"default_layout","footnotes":""},"class_list":["post-52","page","type-page","status-publish","hentry"],"_links":{"self":[{"href":"https:\/\/revistalamoraleja.es\/index.php\/wp-json\/wp\/v2\/pages\/52","targetHints":{"allow":["GET"]}}],"collection":[{"href":"https:\/\/revistalamoraleja.es\/index.php\/wp-json\/wp\/v2\/pages"}],"about":[{"href":"https:\/\/revistalamoraleja.es\/index.php\/wp-json\/wp\/v2\/types\/page"}],"author":[{"embeddable":true,"href":"https:\/\/revistalamoraleja.es\/index.php\/wp-json\/wp\/v2\/users\/1"}],"replies":[{"embeddable":true,"href":"https:\/\/revistalamoraleja.es\/index.php\/wp-json\/wp\/v2\/comments?post=52"}],"version-history":[{"count":4,"href":"https:\/\/revistalamoraleja.es\/index.php\/wp-json\/wp\/v2\/pages\/52\/revisions"}],"predecessor-version":[{"id":518,"href":"https:\/\/revistalamoraleja.es\/index.php\/wp-json\/wp\/v2\/pages\/52\/revisions\/518"}],"wp:attachment":[{"href":"https:\/\/revistalamoraleja.es\/index.php\/wp-json\/wp\/v2\/media?parent=52"}],"curies":[{"name":"wp","href":"https:\/\/api.w.org\/{rel}","templated":true}]}}