{"id":26,"date":"2023-02-23T03:41:05","date_gmt":"2023-02-23T03:41:05","guid":{"rendered":"https:\/\/revistalamoraleja.es\/?page_id=26"},"modified":"2023-09-17T10:28:41","modified_gmt":"2023-09-17T10:28:41","slug":"el-clic-en-la-llaga","status":"publish","type":"page","link":"https:\/\/revistalamoraleja.es\/index.php\/el-clic-en-la-llaga\/","title":{"rendered":"El Click en la llaga"},"content":{"rendered":"\n<p>Por Jos\u00e9 Juan L\u00f3pez <\/p>\n\n\n\n<figure class=\"wp-block-image size-large is-resized\"><img fetchpriority=\"high\" decoding=\"async\" src=\"https:\/\/revistalamoraleja.es\/wp-content\/uploads\/2023\/09\/20201221_211743-copia-596x1024.png\" alt=\"\" class=\"wp-image-330\" style=\"width:181px;height:311px\" width=\"181\" height=\"311\" srcset=\"https:\/\/revistalamoraleja.es\/wp-content\/uploads\/2023\/09\/20201221_211743-copia-596x1024.png 596w, https:\/\/revistalamoraleja.es\/wp-content\/uploads\/2023\/09\/20201221_211743-copia-175x300.png 175w, https:\/\/revistalamoraleja.es\/wp-content\/uploads\/2023\/09\/20201221_211743-copia-768x1319.png 768w, https:\/\/revistalamoraleja.es\/wp-content\/uploads\/2023\/09\/20201221_211743-copia-894x1536.png 894w, https:\/\/revistalamoraleja.es\/wp-content\/uploads\/2023\/09\/20201221_211743-copia.png 969w\" sizes=\"(max-width: 181px) 100vw, 181px\" \/><\/figure>\n\n\n\n<p>DESCRPCI\u00d3N<\/p>\n\n\n<ul class=\"wp-block-latest-posts__list is-grid columns-3 has-dates wp-block-latest-posts\"><li><a class=\"wp-block-latest-posts__post-title\" href=\"https:\/\/revistalamoraleja.es\/index.php\/2023\/09\/17\/somos-adictos\/\">Somos adictos<\/a><time datetime=\"2023-09-17T17:13:09+00:00\" class=\"wp-block-latest-posts__post-date\">09\/17\/2023<\/time><\/li>\n<li><div class=\"wp-block-latest-posts__featured-image\"><img decoding=\"async\" width=\"150\" height=\"150\" src=\"https:\/\/revistalamoraleja.es\/wp-content\/uploads\/2023\/09\/ADICTOS-MOVIL-620x349-1-150x150.jpg\" class=\"attachment-thumbnail size-thumbnail wp-post-image\" alt=\"\" style=\"\" \/><\/div><a class=\"wp-block-latest-posts__post-title\" href=\"https:\/\/revistalamoraleja.es\/index.php\/2023\/09\/17\/la-sociedad-de-los-trastornos-mentales-asociados-a-internet-tu-vida-real-es-la-que-verdaderamente-muestras-en-redes-sociales\/\">La sociedad de los trastornos mentales asociados a internet:\u00a0 \u00bfTu vida real es la que verdaderamente muestras en redes sociales?<\/a><time datetime=\"2023-09-17T16:33:52+00:00\" class=\"wp-block-latest-posts__post-date\">09\/17\/2023<\/time><\/li>\n<li><a class=\"wp-block-latest-posts__post-title\" href=\"https:\/\/revistalamoraleja.es\/index.php\/2023\/09\/15\/vendiendo-hasta-el-ultimo-ladrillo\/\">Vendiendo hasta el \u00faltimo ladrillo<\/a><time datetime=\"2023-09-15T05:19:34+00:00\" class=\"wp-block-latest-posts__post-date\">09\/15\/2023<\/time><\/li>\n<\/ul>","protected":false},"excerpt":{"rendered":"<p>Por Jos\u00e9 Juan L\u00f3pez DESCRPCI\u00d3N<\/p>\n","protected":false},"author":1,"featured_media":0,"parent":0,"menu_order":0,"comment_status":"open","ping_status":"closed","template":"","meta":{"colormag_page_container_layout":"default_layout","colormag_page_sidebar_layout":"default_layout","footnotes":""},"class_list":["post-26","page","type-page","status-publish","hentry"],"_links":{"self":[{"href":"https:\/\/revistalamoraleja.es\/index.php\/wp-json\/wp\/v2\/pages\/26","targetHints":{"allow":["GET"]}}],"collection":[{"href":"https:\/\/revistalamoraleja.es\/index.php\/wp-json\/wp\/v2\/pages"}],"about":[{"href":"https:\/\/revistalamoraleja.es\/index.php\/wp-json\/wp\/v2\/types\/page"}],"author":[{"embeddable":true,"href":"https:\/\/revistalamoraleja.es\/index.php\/wp-json\/wp\/v2\/users\/1"}],"replies":[{"embeddable":true,"href":"https:\/\/revistalamoraleja.es\/index.php\/wp-json\/wp\/v2\/comments?post=26"}],"version-history":[{"count":4,"href":"https:\/\/revistalamoraleja.es\/index.php\/wp-json\/wp\/v2\/pages\/26\/revisions"}],"predecessor-version":[{"id":378,"href":"https:\/\/revistalamoraleja.es\/index.php\/wp-json\/wp\/v2\/pages\/26\/revisions\/378"}],"wp:attachment":[{"href":"https:\/\/revistalamoraleja.es\/index.php\/wp-json\/wp\/v2\/media?parent=26"}],"curies":[{"name":"wp","href":"https:\/\/api.w.org\/{rel}","templated":true}]}}